{"id":2307,"date":"2024-08-13T16:20:40","date_gmt":"2024-08-13T16:20:40","guid":{"rendered":"https:\/\/aonetheme.com\/restuwp\/?page_id=2307"},"modified":"2026-03-17T20:11:13","modified_gmt":"2026-03-17T20:11:13","slug":"rooms","status":"publish","type":"page","link":"https:\/\/haciendalafloresta.com\/index.php\/rooms\/","title":{"rendered":"Rooms"},"content":{"rendered":"\t\t<div data-elementor-type=\"wp-page\" data-elementor-id=\"2307\" class=\"elementor elementor-2307\">\n\t\t\t\t\t\t<section class=\"elementor-section elementor-top-section elementor-element elementor-element-670609f elementor-section-boxed elementor-section-height-default elementor-section-height-default\" data-id=\"670609f\" data-element_type=\"section\" data-e-type=\"section\">\n\t\t\t\t\t\t<div class=\"elementor-container elementor-column-gap-default\">\n\t\t\t\t\t<div class=\"elementor-column elementor-col-50 elementor-top-column elementor-element elementor-element-c80d4a3\" data-id=\"c80d4a3\" data-element_type=\"column\" data-e-type=\"column\">\n\t\t\t<div class=\"elementor-widget-wrap elementor-element-populated\">\n\t\t\t\t\t\t<div class=\"elementor-element elementor-element-d8d1209 elementor-widget elementor-widget-ServiceRoom\" data-id=\"d8d1209\" data-element_type=\"widget\" data-e-type=\"widget\" data-widget_type=\"ServiceRoom.default\">\n\t\t\t\t<div class=\"elementor-widget-container\">\n\t\t\t\t\t\r\n\t\t\t\t\t<div class=\"service_room style1\">\r\n\t\t\t\t<div class=\"room_img\">\r\n\t\t\t\t\t<img decoding=\"async\" src=\"https:\/\/haciendalafloresta.com\/wp-content\/uploads\/2026\/02\/villa-orquidea-2.webp\" alt=\"restu\" \/>\r\n\t\t\t\t\t\t\t\t\t\t\t<div class=\"room_pricing\">\r\n\t\t\t\t\t\t\t<span class=\"dolar\">$1,800 MXN por noche<\/span>\r\n\t\t\t\t\t\t\t<span class=\"title\">Hasta 4 personas<\/span>\r\n\t\t\t\t\t\t<\/div>\r\n\t\t\t\t\t\t\t\t\t\t <ul class=\"features\">\t\t\t\t\t\t\t\t\t\t\t\t\t\t\t\t\t\r\n\t\t\t\t\t\t\t\t\t\t\t\t\t<li>\r\n\t\t\t\t\t\t\t\tVILLA ORQUIDEA\t\t\t\t\t\t\t<\/li>\r\n\t\t\t\t\t\t\t\t\t\t\t\t\t\t\t\t\t\t\t\t\r\n\t\t\t\t\t<\/ul>\r\n\t\t\t\t<\/div>\r\n\t\t\t\t<div class=\"service_room_body\">\r\n\t\t\t\t\t<h3><\/h3>\r\n\t\t\t\t\t<p>Una villa privada y acogedora dise\u00f1ada para disfrutar la tranquilidad de Tulum con comodidad y estilo. Cuenta con terraza privada, cocina totalmente equipada, rec\u00e1mara amplia y espacios ideales para una estancia relajante en familia o pareja.\n\nIncluye acceso a alberca y \u00e1reas comunes rodeadas de naturaleza.<\/p>\r\n\t\t\t\t\t<div class=\"room_btn\">\r\n\t\t\t\t\t\t<a href=\"https:\/\/wa.me\/529848062165?text=Hola%20%F0%9F%91%8B%20Me%20gustar%C3%ADa%20recibir%20m%C3%A1s%20informaci%C3%B3n.%20Gracias.\">\r\n\t\t\t\t\t\t\tSabes m\u00e1s...\t\t\t\t\t\t\t\t\t\t\t\t\t<\/a>\r\n\t\t\t\t\t<\/div>\r\n\t\t\t\t<\/div>\r\n\t\t\t<\/div>\r\n\t\t\r\n\t\t\t\t\t\t<\/div>\n\t\t\t\t<\/div>\n\t\t\t\t<div class=\"elementor-element elementor-element-b6c3df0 elementor-widget elementor-widget-ServiceRoom\" data-id=\"b6c3df0\" data-element_type=\"widget\" data-e-type=\"widget\" data-widget_type=\"ServiceRoom.default\">\n\t\t\t\t<div class=\"elementor-widget-container\">\n\t\t\t\t\t\r\n\t\t\t\t\t<div class=\"service_room style1\">\r\n\t\t\t\t<div class=\"room_img\">\r\n\t\t\t\t\t<img decoding=\"async\" src=\"https:\/\/haciendalafloresta.com\/wp-content\/uploads\/2026\/03\/6-scaled.webp\" alt=\"restu\" \/>\r\n\t\t\t\t\t\t\t\t\t\t\t<div class=\"room_pricing\">\r\n\t\t\t\t\t\t\t<span class=\"dolar\">$7,500 MXN por noche<\/span>\r\n\t\t\t\t\t\t\t<span class=\"title\">Hasta 12 personas<\/span>\r\n\t\t\t\t\t\t<\/div>\r\n\t\t\t\t\t\t\t\t\t\t <ul class=\"features\">\t\t\t\t\t\t\t\t\t\t\t\t\t\t\t\t\t\r\n\t\t\t\t\t\t\t\t\t\t\t\t\t<li>\r\n\t\t\t\t\t\t\t\tVILLA TULI\u00c1N\t\t\t\t\t\t\t<\/li>\r\n\t\t\t\t\t\t\t\t\t\t\t\t\t\t\t\t\t\t\t\t\r\n\t\t\t\t\t<\/ul>\r\n\t\t\t\t<\/div>\r\n\t\t\t\t<div class=\"service_room_body\">\r\n\t\t\t\t\t<h3><\/h3>\r\n\t\t\t\t\t<p>Una villa amplia y totalmente equipada, ideal para grupos y familias que buscan comodidad y espacios dise\u00f1ados para convivir en un entorno tropical.\n\nCuenta con 5 rec\u00e1maras, 5 ba\u00f1os, cocina equipada, sala y comedor, adem\u00e1s de acceso a alberca y \u00e1reas comunes del complejo.<\/p>\r\n\t\t\t\t\t<div class=\"room_btn\">\r\n\t\t\t\t\t\t<a href=\"https:\/\/wa.me\/529848062165?text=Hola%20%F0%9F%91%8B%20Me%20gustar%C3%ADa%20recibir%20m%C3%A1s%20informaci%C3%B3n.%20Gracias.\">\r\n\t\t\t\t\t\t\tSaber m\u00e1s...\t\t\t\t\t\t\t\t\t\t\t\t\t<\/a>\r\n\t\t\t\t\t<\/div>\r\n\t\t\t\t<\/div>\r\n\t\t\t<\/div>\r\n\t\t\r\n\t\t\t\t\t\t<\/div>\n\t\t\t\t<\/div>\n\t\t\t\t<div class=\"elementor-element elementor-element-b977507 elementor-widget elementor-widget-ServiceRoom\" data-id=\"b977507\" data-element_type=\"widget\" data-e-type=\"widget\" data-widget_type=\"ServiceRoom.default\">\n\t\t\t\t<div class=\"elementor-widget-container\">\n\t\t\t\t\t\r\n\t\t\t\t\t<div class=\"service_room style1\">\r\n\t\t\t\t<div class=\"room_img\">\r\n\t\t\t\t\t<img decoding=\"async\" src=\"https:\/\/haciendalafloresta.com\/wp-content\/uploads\/2026\/03\/1_1-scaled.webp\" alt=\"restu\" \/>\r\n\t\t\t\t\t\t\t\t\t\t\t<div class=\"room_pricing\">\r\n\t\t\t\t\t\t\t<span class=\"dolar\">$1,500 MXN por noche<\/span>\r\n\t\t\t\t\t\t\t<span class=\"title\">Hasta 4 personas<\/span>\r\n\t\t\t\t\t\t<\/div>\r\n\t\t\t\t\t\t\t\t\t\t <ul class=\"features\">\t\t\t\t\t\t\t\t\t\t\t\t\t\t\t\t\t\r\n\t\t\t\t\t\t\t\t\t\t\t\t\t<li>\r\n\t\t\t\t\t\t\t\tVILLA MARGARITAS\t\t\t\t\t\t\t<\/li>\r\n\t\t\t\t\t\t\t\t\t\t\t\t\t\t\t\t\t\t\t\t\r\n\t\t\t\t\t<\/ul>\r\n\t\t\t\t<\/div>\r\n\t\t\t\t<div class=\"service_room_body\">\r\n\t\t\t\t\t<h3><\/h3>\r\n\t\t\t\t\t<p>Villa para 3 a 4 personas\n\n1 Caj\u00f3n de Estacionamiento\n1 Cocineta (cafetera)\n1 Comedor \n1 Rec\u00e1mara (1 cama king size y 1 cama matrimonial, TV y closet)\n1 ba\u00f1o\n\n\u00c1reas compartidas\n1 Alberca \n1 \u00c1rea de Camastros\n1 \u00c1rea de ba\u00f1os (Hombres\/Mujeres)\n1 \u00c1rea de Terraza\n1 \u00c1rea juegos infantiles<\/p>\r\n\t\t\t\t\t<div class=\"room_btn\">\r\n\t\t\t\t\t\t<a href=\"https:\/\/wa.me\/529848062165?text=Hola%20%F0%9F%91%8B%20Me%20gustar%C3%ADa%20recibir%20m%C3%A1s%20informaci%C3%B3n.%20Gracias.\">\r\n\t\t\t\t\t\t\tSaber m\u00e1s...\t\t\t\t\t\t\t\t\t\t\t\t\t<\/a>\r\n\t\t\t\t\t<\/div>\r\n\t\t\t\t<\/div>\r\n\t\t\t<\/div>\r\n\t\t\r\n\t\t\t\t\t\t<\/div>\n\t\t\t\t<\/div>\n\t\t\t\t\t<\/div>\n\t\t<\/div>\n\t\t\t\t<div class=\"elementor-column elementor-col-50 elementor-top-column elementor-element elementor-element-7458202\" data-id=\"7458202\" data-element_type=\"column\" data-e-type=\"column\">\n\t\t\t<div class=\"elementor-widget-wrap elementor-element-populated\">\n\t\t\t\t\t\t<div class=\"elementor-element elementor-element-68167df elementor-widget elementor-widget-ServiceRoom\" data-id=\"68167df\" data-element_type=\"widget\" data-e-type=\"widget\" data-widget_type=\"ServiceRoom.default\">\n\t\t\t\t<div class=\"elementor-widget-container\">\n\t\t\t\t\t\r\n\t\t\t\t\t<div class=\"service_room style1\">\r\n\t\t\t\t<div class=\"room_img\">\r\n\t\t\t\t\t<img decoding=\"async\" src=\"https:\/\/haciendalafloresta.com\/wp-content\/uploads\/2026\/02\/villa-bugambilia-1.webp\" alt=\"restu\" \/>\r\n\t\t\t\t\t\t\t\t\t\t\t<div class=\"room_pricing\">\r\n\t\t\t\t\t\t\t<span class=\"dolar\">$6,500 MXN por noche<\/span>\r\n\t\t\t\t\t\t\t<span class=\"title\">Hasta 16 personas<\/span>\r\n\t\t\t\t\t\t<\/div>\r\n\t\t\t\t\t\t\t\t\t\t <ul class=\"features\">\t\t\t\t\t\t\t\t\t\t\t\t\t\t\t\t\t\r\n\t\t\t\t\t\t\t\t\t\t\t\t\t<li>\r\n\t\t\t\t\t\t\t\tVilla Bugambilia\t\t\t\t\t\t\t<\/li>\r\n\t\t\t\t\t\t\t\t\t\t\t\t\t\t\t\t\t\t\t\t\r\n\t\t\t\t\t<\/ul>\r\n\t\t\t\t<\/div>\r\n\t\t\t\t<div class=\"service_room_body\">\r\n\t\t\t\t\t<h3><\/h3>\r\n\t\t\t\t\t<p>Una villa amplia y completamente equipada, ideal para grupos grandes y familias que buscan comodidad, privacidad y espacios dise\u00f1ados para convivir en un entorno tropical.\n\nCuenta con 4 rec\u00e1maras, 5 ba\u00f1os, cocina equipada, \u00e1rea ajardinada y alberca tipo infantil, adem\u00e1s de acceso a \u00e1reas comunes como alberca y terraza.<\/p>\r\n\t\t\t\t\t<div class=\"room_btn\">\r\n\t\t\t\t\t\t<a href=\"https:\/\/wa.me\/529848062165?text=Hola%20%F0%9F%91%8B%20Me%20gustar%C3%ADa%20recibir%20m%C3%A1s%20informaci%C3%B3n.%20Gracias.\">\r\n\t\t\t\t\t\t\tSaber m\u00e1s...\t\t\t\t\t\t\t\t\t\t\t\t\t<\/a>\r\n\t\t\t\t\t<\/div>\r\n\t\t\t\t<\/div>\r\n\t\t\t<\/div>\r\n\t\t\r\n\t\t\t\t\t\t<\/div>\n\t\t\t\t<\/div>\n\t\t\t\t<div class=\"elementor-element elementor-element-716480c elementor-widget elementor-widget-ServiceRoom\" data-id=\"716480c\" data-element_type=\"widget\" data-e-type=\"widget\" data-widget_type=\"ServiceRoom.default\">\n\t\t\t\t<div class=\"elementor-widget-container\">\n\t\t\t\t\t\r\n\t\t\t\t\t<div class=\"service_room style1\">\r\n\t\t\t\t<div class=\"room_img\">\r\n\t\t\t\t\t<img decoding=\"async\" src=\"https:\/\/haciendalafloresta.com\/wp-content\/uploads\/2026\/03\/1-scaled.webp\" alt=\"restu\" \/>\r\n\t\t\t\t\t\t\t\t\t\t\t<div class=\"room_pricing\">\r\n\t\t\t\t\t\t\t<span class=\"dolar\">$1,800 MXN por noche<\/span>\r\n\t\t\t\t\t\t\t<span class=\"title\">Hasta 4 personas<\/span>\r\n\t\t\t\t\t\t<\/div>\r\n\t\t\t\t\t\t\t\t\t\t <ul class=\"features\">\t\t\t\t\t\t\t\t\t\t\t\t\t\t\t\t\t\r\n\t\t\t\t\t\t\t\t\t\t\t\t\t<li>\r\n\t\t\t\t\t\t\t\tVILLA CEDROS\t\t\t\t\t\t\t<\/li>\r\n\t\t\t\t\t\t\t\t\t\t\t\t\t\t\t\t\t\t\t\t\r\n\t\t\t\t\t<\/ul>\r\n\t\t\t\t<\/div>\r\n\t\t\t\t<div class=\"service_room_body\">\r\n\t\t\t\t\t<h3><\/h3>\r\n\t\t\t\t\t<p>Villa para 3 a 4 personas\n\n1 Caj\u00f3n de Estacionamiento\n1 Cocineta (totalmente equipada)\n1 Comedor \n1 Rec\u00e1mara (1 cama king size y 1 cama matrimonial, TV y closet)\n1 ba\u00f1o\n\n\u00c1reas compartidas\n1 Alberca \n1 \u00c1rea de Camastros\n1 \u00c1rea de ba\u00f1os (Hombres\/Mujeres)\n1 \u00c1rea de Terraza\n1 \u00c1rea juegos infantiles<\/p>\r\n\t\t\t\t\t<div class=\"room_btn\">\r\n\t\t\t\t\t\t<a href=\"https:\/\/wa.me\/529848062165?text=Hola%20%F0%9F%91%8B%20Me%20gustar%C3%ADa%20recibir%20m%C3%A1s%20informaci%C3%B3n.%20Gracias.\">\r\n\t\t\t\t\t\t\tSaber m\u00e1s...\t\t\t\t\t\t\t\t\t\t\t\t\t<\/a>\r\n\t\t\t\t\t<\/div>\r\n\t\t\t\t<\/div>\r\n\t\t\t<\/div>\r\n\t\t\r\n\t\t\t\t\t\t<\/div>\n\t\t\t\t<\/div>\n\t\t\t\t\t<\/div>\n\t\t<\/div>\n\t\t\t\t\t<\/div>\n\t\t<\/section>\n\t\t\t\t<\/div>\n\t\t","protected":false},"excerpt":{"rendered":"<p>$1,800 MXN por noche Hasta 4 personas VILLA ORQUIDEA Una villa privada y acogedora dise\u00f1ada para disfrutar la tranquilidad de Tulum con comodidad y estilo. Cuenta con terraza privada, cocina totalmente equipada, rec\u00e1mara amplia y espacios ideales para una estancia relajante en familia o pareja. Incluye acceso a alberca y \u00e1reas comunes rodeadas de naturaleza. [&hellip;]<\/p>\n","protected":false},"author":1,"featured_media":0,"parent":0,"menu_order":0,"comment_status":"closed","ping_status":"closed","template":"page-templates\/template-default.php","meta":{"footnotes":""},"class_list":["post-2307","page","type-page","status-publish","hentry"],"_links":{"self":[{"href":"https:\/\/haciendalafloresta.com\/index.php\/wp-json\/wp\/v2\/pages\/2307","targetHints":{"allow":["GET"]}}],"collection":[{"href":"https:\/\/haciendalafloresta.com\/index.php\/wp-json\/wp\/v2\/pages"}],"about":[{"href":"https:\/\/haciendalafloresta.com\/index.php\/wp-json\/wp\/v2\/types\/page"}],"author":[{"embeddable":true,"href":"https:\/\/haciendalafloresta.com\/index.php\/wp-json\/wp\/v2\/users\/1"}],"replies":[{"embeddable":true,"href":"https:\/\/haciendalafloresta.com\/index.php\/wp-json\/wp\/v2\/comments?post=2307"}],"version-history":[{"count":50,"href":"https:\/\/haciendalafloresta.com\/index.php\/wp-json\/wp\/v2\/pages\/2307\/revisions"}],"predecessor-version":[{"id":4788,"href":"https:\/\/haciendalafloresta.com\/index.php\/wp-json\/wp\/v2\/pages\/2307\/revisions\/4788"}],"wp:attachment":[{"href":"https:\/\/haciendalafloresta.com\/index.php\/wp-json\/wp\/v2\/media?parent=2307"}],"curies":[{"name":"wp","href":"https:\/\/api.w.org\/{rel}","templated":true}]}}